{"id":4316,"date":"2023-10-05T15:10:25","date_gmt":"2023-10-05T13:10:25","guid":{"rendered":"https:\/\/www.ports-paysdelorient.fr\/filiere-dexcellence\/"},"modified":"2024-06-07T11:02:21","modified_gmt":"2024-06-07T09:02:21","slug":"an-industry-of-excellence-for-ocean-racing","status":"publish","type":"page","link":"https:\/\/www.ports-paysdelorient.fr\/en\/offshore-racing\/an-industry-of-excellence-for-ocean-racing\/","title":{"rendered":"An industry of excellence for ocean racing"},"content":{"rendered":"\n<h2 class=\"wp-block-heading\">Lorient La Base: a key spot for ocean racing<\/h2>\n\n\n\n<p class=\"has-text-align-left\">Lorient La Base has become the centre of excellence for <strong>competitive sailing<\/strong> in France. A hotbed of technology and innovation, the &#8220;<strong>Sailing Valley<\/strong>&#8221; is home to companies specialising in the nautical sector, and boasts an exceptional infrastructure.<\/p>\n\n\n\n<p class=\"has-text-align-left\">Its basin, dedicated exclusively to ocean racing, can accommodate large vessels in the <strong>Ultim,<\/strong> <strong>Imoca and Ocean Fifty<\/strong> classes, as well as Mini <strong>6.50<\/strong>, <strong>Figaro<\/strong>, <strong>Class 40<\/strong> and<strong> IRC<\/strong>. Sailing&#8217;s elite and the champions of tomorrow rub shoulders on a stretch of water sheltered by the island of Groix.<\/p>\n\n\n\n<h3 class=\"wp-block-heading\">Installation of numerous TEAMS  <\/h3>\n\n\n\n<blockquote class=\"wp-block-quote is-layout-flow wp-block-quote-is-layout-flow\">\n<p>At the beginning of 2023, Lorient La Base was home to 122 teams and skippers. In 10 years, 31 new boats have chosen Lorient La Base as their home port*.<\/p>\n\n\n\n<h4 class=\"wp-block-heading\"><\/h4>\n<\/blockquote>\n\n\n\n<p>From its pontoons, visitors can admire the spectacular boats and go further with a <a href=\"https:\/\/www.ports-paysdelorient.fr\/en\/visite-du-pole-course-au-large\/\" data-type=\"page\" data-id=\"2346\" target=\"_blank\" rel=\"noreferrer noopener\">visit to the Offshore Racing Centre<\/a>. Thanks to the <a href=\"https:\/\/www.ports-paysdelorient.fr\/webcam\/lorient-la-base\/\" data-type=\"link\" data-id=\"https:\/\/www.ports-paysdelorient.fr\/webcam\/lorient-la-base\/\" target=\"_blank\" rel=\"noreferrer noopener\">webcam<\/a> installed above the basin, you can admire the boats from a distance.<\/p>\n\n\n\n<div class=\"wp-block-group\"><div class=\"wp-block-group__inner-container is-layout-constrained wp-block-group-is-layout-constrained\"><section class=\"slider_images_container\">\n\t<span class=\"nav prev\"><\/span>\n\t<div class=\"slider_container\">\n\t\t<div class=\"slider_images lightgallery\">\n\t\t\t\t\t\t\t<div class=\"gal\" data-src=\"https:\/\/www.ports-paysdelorient.fr\/wp-content\/uploads\/2024\/01\/pole-course-au-large-pontonsfly-hd-5-1920x1279.jpg\">\n\t\t\t\t\t<figure class=\"image_container\">\n\t\t\t\t\t\t<img decoding=\"async\" src=\"https:\/\/www.ports-paysdelorient.fr\/wp-content\/uploads\/2024\/01\/pole-course-au-large-pontonsfly-hd-5-1920x1279.jpg\" alt=\"\">\n\t\t\t\t\t<\/figure>\t\t\t\t\t\n\t\t\t\t<\/div>\n\t\t\t\t\t\t\t<div class=\"gal\" data-src=\"https:\/\/www.ports-paysdelorient.fr\/wp-content\/uploads\/2024\/01\/pole-course-au-large-vue-du-cielfly-hd-4-1920x1438.jpg\">\n\t\t\t\t\t<figure class=\"image_container\">\n\t\t\t\t\t\t<img decoding=\"async\" src=\"https:\/\/www.ports-paysdelorient.fr\/wp-content\/uploads\/2024\/01\/pole-course-au-large-vue-du-cielfly-hd-4-1920x1438.jpg\" alt=\"\">\n\t\t\t\t\t<\/figure>\t\t\t\t\t\n\t\t\t\t<\/div>\n\t\t\t\t\t\t\t<div class=\"gal\" data-src=\"https:\/\/www.ports-paysdelorient.fr\/wp-content\/uploads\/2024\/01\/transat-jacques-vabre-classe40galivel-fanch-4-1920x1281.jpg\">\n\t\t\t\t\t<figure class=\"image_container\">\n\t\t\t\t\t\t<img decoding=\"async\" src=\"https:\/\/www.ports-paysdelorient.fr\/wp-content\/uploads\/2024\/01\/transat-jacques-vabre-classe40galivel-fanch-4-1920x1281.jpg\" alt=\"\">\n\t\t\t\t\t<\/figure>\t\t\t\t\t\n\t\t\t\t<\/div>\n\t\t\t\t\t\t\t<div class=\"gal\" data-src=\"https:\/\/www.ports-paysdelorient.fr\/wp-content\/uploads\/2024\/01\/plastimolorient-mini-650lorientagglo-nsaint-maur-1-1920x1280.jpg\">\n\t\t\t\t\t<figure class=\"image_container\">\n\t\t\t\t\t\t<img decoding=\"async\" src=\"https:\/\/www.ports-paysdelorient.fr\/wp-content\/uploads\/2024\/01\/plastimolorient-mini-650lorientagglo-nsaint-maur-1-1920x1280.jpg\" alt=\"\">\n\t\t\t\t\t<\/figure>\t\t\t\t\t\n\t\t\t\t<\/div>\n\t\t\t\t\t\n\t\t<\/div>\t\t\n\t<\/div>\n\t<span class=\"nav next\"><\/span>\n<\/section>\n<\/div><\/div>\n\n\n\n<h3 class=\"wp-block-heading\">Economic spin-offs from the industry<\/h3>\n\n\n\n<p>The number of jobs has tripled in ten years, both within teams and with suppliers and service providers. Today, ocean racing represents 905 jobs* (teams, suppliers and service providers) in the region, with around 50 companies involved in boat and parts manufacturing, suppliers and equipment manufacturers, media and communications, engineering and expertise, services&#8230;<\/p>\n\n\n\n<p>*Source<em>: Audelor &#8211; Survey of professionals on the economic impact of ocean racing &#8211; April-June 2023<\/em><\/p>\n\n\n\n<h3 class=\"wp-block-heading\">Support for sports projects and events<\/h3>\n\n\n\n<p>Located to the south of Lorient and at the entrance to the harbour, the site is also ideal for organising major nautical events, as evidenced by the prestigious races held here: Volvo Ocean Race, Solitaire du Figaro, Tour de France \u00e0 la Voile, D\u00e9fi Azimut, Le Retour \u00e0 La Base&#8230;<\/p>\n\n\n\n<p><strong>Lorient Grand<\/strong> <strong>Large<\/strong> offers a range of support and training services for skippers, professional and amateur teams. The association has set up a training program dedicated to racers on boats in the Mini 6.50, Figaro 3 and IMOCA categories, including Class 40 and IRC boats, as well as training courses for professional crew and preparers.<\/p>\n\n\n\n<div class=\"wp-block-buttons is-content-justification-right is-layout-flex wp-container-core-buttons-is-layout-765c4724 wp-block-buttons-is-layout-flex\">\n<div class=\"wp-block-button\"><a class=\"wp-block-button__link wp-element-button\" href=\"http:\/\/www.lorientgrandlarge.org\/fr\" target=\"_blank\" rel=\"noreferrer noopener\">+ More about Lorient Grand Large<\/a><\/div>\n<\/div>\n\n\n\n<p><\/p>\n\n\n\n<h2 class=\"wp-block-heading\">Ocean racing: a sporting and human adventure<\/h2>\n\n\n\n<p>In the world of sport sailing, ocean racing occupies a special place. Rich in emotions and feats, this type of competition requires technical mastery, a steely mind and faultless physical preparation. Over the last few decades, ocean racing has grown in popularity, thanks in particular to the development of technologies that improve yacht performance and skipper safety.  <\/p>\n\n\n\n<h3 class=\"wp-block-heading\">What is ocean racing?  <\/h3>\n\n\n\n<p>An ocean race is a sailing competition that takes place over long distances, usually several hundred or even thousands of nautical miles. The routes taken often cross different oceans and require manoeuvring in sometimes extreme weather conditions.<\/p>\n\n\n\n<h3 class=\"wp-block-heading\">The different categories<\/h3>\n\n\n\n<ul class=\"wp-block-list\">\n<li><strong>Monohull<\/strong> <strong>racing<\/strong>: these boats have just one hull and are mainly used for offshore racing.  <\/li>\n\n\n\n<li><strong>Multihull racing<\/strong>: as the name suggests, these boats have several hulls (catamarans, trimarans) and are renowned for their speed.<\/li>\n\n\n\n<li><strong>Crewed or solo racing<\/strong>: some races are contested as a team, others are reserved for skippers sailing alone aboard their yacht.<\/li>\n<\/ul>\n\n\n\n<h3 class=\"wp-block-heading\">Boat types<\/h3>\n\n\n\n<figure class=\"wp-block-gallery has-nested-images columns-default is-cropped wp-block-gallery-1 is-layout-flex wp-block-gallery-is-layout-flex\">\n<figure class=\"wp-block-image size-large\"><img loading=\"lazy\" decoding=\"async\" width=\"1920\" height=\"1920\" data-id=\"3451\" src=\"https:\/\/www.ports-paysdelorient.fr\/wp-content\/uploads\/2024\/01\/ultim-32-33-trimaran-1-1920x1920.jpg\" alt=\"\" class=\"wp-image-3451\" srcset=\"https:\/\/www.ports-paysdelorient.fr\/wp-content\/uploads\/2024\/01\/ultim-32-33-trimaran-1-1920x1920.jpg 1920w, https:\/\/www.ports-paysdelorient.fr\/wp-content\/uploads\/2024\/01\/ultim-32-33-trimaran-1-600x600.jpg 600w, https:\/\/www.ports-paysdelorient.fr\/wp-content\/uploads\/2024\/01\/ultim-32-33-trimaran-1-300x300.jpg 300w, https:\/\/www.ports-paysdelorient.fr\/wp-content\/uploads\/2024\/01\/ultim-32-33-trimaran-1-768x768.jpg 768w, https:\/\/www.ports-paysdelorient.fr\/wp-content\/uploads\/2024\/01\/ultim-32-33-trimaran-1-1536x1536.jpg 1536w, https:\/\/www.ports-paysdelorient.fr\/wp-content\/uploads\/2024\/01\/ultim-32-33-trimaran-1-2048x2048.jpg 2048w\" sizes=\"auto, (max-width: 1920px) 100vw, 1920px\" \/><\/figure>\n\n\n\n<figure class=\"wp-block-image size-large\"><img loading=\"lazy\" decoding=\"async\" width=\"1920\" height=\"1920\" data-id=\"3446\" src=\"https:\/\/www.ports-paysdelorient.fr\/wp-content\/uploads\/2024\/01\/ocean50-trimaran-1920x1920.jpg\" alt=\"\" class=\"wp-image-3446\" srcset=\"https:\/\/www.ports-paysdelorient.fr\/wp-content\/uploads\/2024\/01\/ocean50-trimaran-1920x1920.jpg 1920w, https:\/\/www.ports-paysdelorient.fr\/wp-content\/uploads\/2024\/01\/ocean50-trimaran-600x600.jpg 600w, https:\/\/www.ports-paysdelorient.fr\/wp-content\/uploads\/2024\/01\/ocean50-trimaran-300x300.jpg 300w, https:\/\/www.ports-paysdelorient.fr\/wp-content\/uploads\/2024\/01\/ocean50-trimaran-768x768.jpg 768w, https:\/\/www.ports-paysdelorient.fr\/wp-content\/uploads\/2024\/01\/ocean50-trimaran-1536x1536.jpg 1536w, https:\/\/www.ports-paysdelorient.fr\/wp-content\/uploads\/2024\/01\/ocean50-trimaran-2048x2048.jpg 2048w\" sizes=\"auto, (max-width: 1920px) 100vw, 1920px\" \/><\/figure>\n\n\n\n<figure class=\"wp-block-image size-large\"><img loading=\"lazy\" decoding=\"async\" width=\"1920\" height=\"1920\" data-id=\"3443\" src=\"https:\/\/www.ports-paysdelorient.fr\/wp-content\/uploads\/2024\/01\/imoca-monocoque-1920x1920.jpg\" alt=\"\" class=\"wp-image-3443\" srcset=\"https:\/\/www.ports-paysdelorient.fr\/wp-content\/uploads\/2024\/01\/imoca-monocoque-1920x1920.jpg 1920w, https:\/\/www.ports-paysdelorient.fr\/wp-content\/uploads\/2024\/01\/imoca-monocoque-600x600.jpg 600w, https:\/\/www.ports-paysdelorient.fr\/wp-content\/uploads\/2024\/01\/imoca-monocoque-300x300.jpg 300w, https:\/\/www.ports-paysdelorient.fr\/wp-content\/uploads\/2024\/01\/imoca-monocoque-768x768.jpg 768w, https:\/\/www.ports-paysdelorient.fr\/wp-content\/uploads\/2024\/01\/imoca-monocoque-1536x1536.jpg 1536w, https:\/\/www.ports-paysdelorient.fr\/wp-content\/uploads\/2024\/01\/imoca-monocoque-2048x2048.jpg 2048w\" sizes=\"auto, (max-width: 1920px) 100vw, 1920px\" \/><\/figure>\n<\/figure>\n\n\n\n<figure class=\"wp-block-gallery has-nested-images columns-default is-cropped wp-block-gallery-2 is-layout-flex wp-block-gallery-is-layout-flex\">\n<figure class=\"wp-block-image size-large\"><img loading=\"lazy\" decoding=\"async\" width=\"1920\" height=\"1920\" data-id=\"3445\" src=\"https:\/\/www.ports-paysdelorient.fr\/wp-content\/uploads\/2024\/01\/class40-monocoque-1920x1920.jpg\" alt=\"\" class=\"wp-image-3445\" srcset=\"https:\/\/www.ports-paysdelorient.fr\/wp-content\/uploads\/2024\/01\/class40-monocoque-1920x1920.jpg 1920w, https:\/\/www.ports-paysdelorient.fr\/wp-content\/uploads\/2024\/01\/class40-monocoque-600x600.jpg 600w, https:\/\/www.ports-paysdelorient.fr\/wp-content\/uploads\/2024\/01\/class40-monocoque-300x300.jpg 300w, https:\/\/www.ports-paysdelorient.fr\/wp-content\/uploads\/2024\/01\/class40-monocoque-768x768.jpg 768w, https:\/\/www.ports-paysdelorient.fr\/wp-content\/uploads\/2024\/01\/class40-monocoque-1536x1536.jpg 1536w, https:\/\/www.ports-paysdelorient.fr\/wp-content\/uploads\/2024\/01\/class40-monocoque-2048x2048.jpg 2048w\" sizes=\"auto, (max-width: 1920px) 100vw, 1920px\" \/><\/figure>\n\n\n\n<figure class=\"wp-block-image size-large\"><img loading=\"lazy\" decoding=\"async\" width=\"1920\" height=\"1920\" data-id=\"3483\" src=\"https:\/\/www.ports-paysdelorient.fr\/wp-content\/uploads\/2024\/01\/figaro-monocoque-1920x1920.jpg\" alt=\"\" class=\"wp-image-3483\" srcset=\"https:\/\/www.ports-paysdelorient.fr\/wp-content\/uploads\/2024\/01\/figaro-monocoque-1920x1920.jpg 1920w, https:\/\/www.ports-paysdelorient.fr\/wp-content\/uploads\/2024\/01\/figaro-monocoque-600x600.jpg 600w, https:\/\/www.ports-paysdelorient.fr\/wp-content\/uploads\/2024\/01\/figaro-monocoque-300x300.jpg 300w, https:\/\/www.ports-paysdelorient.fr\/wp-content\/uploads\/2024\/01\/figaro-monocoque-768x768.jpg 768w, https:\/\/www.ports-paysdelorient.fr\/wp-content\/uploads\/2024\/01\/figaro-monocoque-1536x1536.jpg 1536w, https:\/\/www.ports-paysdelorient.fr\/wp-content\/uploads\/2024\/01\/figaro-monocoque-2048x2048.jpg 2048w\" sizes=\"auto, (max-width: 1920px) 100vw, 1920px\" \/><\/figure>\n\n\n\n<figure class=\"wp-block-image size-large\"><img loading=\"lazy\" decoding=\"async\" width=\"1920\" height=\"1920\" data-id=\"3481\" src=\"https:\/\/www.ports-paysdelorient.fr\/wp-content\/uploads\/2024\/01\/mini65-monocoque-1920x1920.jpg\" alt=\"\" class=\"wp-image-3481\" srcset=\"https:\/\/www.ports-paysdelorient.fr\/wp-content\/uploads\/2024\/01\/mini65-monocoque-1920x1920.jpg 1920w, https:\/\/www.ports-paysdelorient.fr\/wp-content\/uploads\/2024\/01\/mini65-monocoque-600x600.jpg 600w, https:\/\/www.ports-paysdelorient.fr\/wp-content\/uploads\/2024\/01\/mini65-monocoque-300x300.jpg 300w, https:\/\/www.ports-paysdelorient.fr\/wp-content\/uploads\/2024\/01\/mini65-monocoque-768x768.jpg 768w, https:\/\/www.ports-paysdelorient.fr\/wp-content\/uploads\/2024\/01\/mini65-monocoque-1536x1536.jpg 1536w, https:\/\/www.ports-paysdelorient.fr\/wp-content\/uploads\/2024\/01\/mini65-monocoque-2048x2048.jpg 2048w\" sizes=\"auto, (max-width: 1920px) 100vw, 1920px\" \/><\/figure>\n<\/figure>\n\n\n\n<h3 class=\"wp-block-heading\">The most popular races<\/h3>\n\n\n\n<figure class=\"wp-block-table is-style-regular\"><table><tbody><tr><td><strong>Name of the race<\/strong><\/td><td><strong>Departure point<\/strong><\/td><td><strong>Category<\/strong><\/td><td><strong>Course<\/strong><\/td><td><strong>Duration<\/strong><\/td><td><strong><strong>Creation date<\/strong><\/strong><\/td><td><strong>Race frequency<\/strong><\/td><\/tr><tr><td><strong>Vend\u00e9e Globe<\/strong><\/td><td>Les Sables-d&#8217;Olonne, France<\/td><td>Solo race<\/td><td>Around the world<\/td><td>From 74 to 100 days<\/td><td>1989<\/td><td>Every 4 years<\/td><\/tr><tr><td><strong>Route du Rhum<\/strong><\/td><td>Saint-Malo, France<\/td><td>Solo race<\/td><td>Saint-Malo to Point-\u00e0-Pitre, Guadeloupe<\/td><td>From 6 to 14 days<\/td><td>1978<\/td><td>Every 4 years<\/td><\/tr><tr><td><strong>Transat Jacques Vabre<\/strong><\/td><td>Le Havre, France<\/td><td>Double handed<\/td><td>Le Havre to Salvador de Bahia, Brazil until 2019<br>then to Fort-de-France, Martinique from 2021  <\/td><td>From 7 to 20 days<\/td><td>1993<\/td><td>Every 2 years<\/td><\/tr><tr><td><strong>Troph\u00e9e Jules Verne<\/strong><\/td><td>Off the coast of Brest, between the Cr\u00e9ac&#8217;h lighthouse on the island of Ouessant and the Lizard lighthouse.<\/td><td>Crewed race (any number of crew on board)<\/td><td>Round the world leaving to port the Cape of Good Hope, Cape Leeuwin and Cape Horn<\/td><td>From 40 to 79 days<\/td><td>1993<\/td><td>Variable<\/td><\/tr><tr><td><strong>The Ocean Race<\/strong><\/td><td>Variable<\/td><td>Crewed race<\/td><td>Around the world in multiple stages<\/td><td>From 8 to 10 months<\/td><td>1973<\/td><td>Every 3 years<\/td><\/tr><tr><td><strong>Solitaire du Figaro<\/strong><\/td><td>From France<\/td><td>Solo race<br>in 3 steps<\/td><td>From France to France<\/td><td>9 to 14 days<\/td><td>1970<\/td><td>Every year<\/td><\/tr><\/tbody><\/table><\/figure>\n\n\n\n<div style=\"height:40px\" aria-hidden=\"true\" class=\"wp-block-spacer\"><\/div>\n\n\n\n<p><\/p>\n\n\n<ul class=\"wp-block-latest-posts__list wp-block-latest-posts\"><\/ul>\n\n\n<div style=\"height:44px\" aria-hidden=\"true\" class=\"wp-block-spacer\"><\/div>\n","protected":false},"excerpt":{"rendered":"<p>Lorient La Base: a key spot for ocean racing Lorient La Base has become the centre of excellence for competitive sailing in France. A hotbed of technology and innovation, the &#8220;Sailing Valley&#8221; is home to companies specialising in the nautical sector, and boasts an exceptional infrastructure. Its basin, dedicated exclusively to ocean racing, can accommodate [&hellip;]<\/p>\n","protected":false},"author":1,"featured_media":3669,"parent":4318,"menu_order":0,"comment_status":"closed","ping_status":"closed","template":"","meta":{"_acf_changed":false,"_seopress_robots_primary_cat":"","_seopress_titles_title":"A network of excellence for ocean racing %%sep%% %%sitetitle%%","_seopress_titles_desc":"","_seopress_robots_index":"","footnotes":""},"class_list":["post-4316","page","type-page","status-publish","has-post-thumbnail","hentry"],"acf":[],"_links":{"self":[{"href":"https:\/\/www.ports-paysdelorient.fr\/en\/wp-json\/wp\/v2\/pages\/4316","targetHints":{"allow":["GET"]}}],"collection":[{"href":"https:\/\/www.ports-paysdelorient.fr\/en\/wp-json\/wp\/v2\/pages"}],"about":[{"href":"https:\/\/www.ports-paysdelorient.fr\/en\/wp-json\/wp\/v2\/types\/page"}],"author":[{"embeddable":true,"href":"https:\/\/www.ports-paysdelorient.fr\/en\/wp-json\/wp\/v2\/users\/1"}],"replies":[{"embeddable":true,"href":"https:\/\/www.ports-paysdelorient.fr\/en\/wp-json\/wp\/v2\/comments?post=4316"}],"version-history":[{"count":11,"href":"https:\/\/www.ports-paysdelorient.fr\/en\/wp-json\/wp\/v2\/pages\/4316\/revisions"}],"predecessor-version":[{"id":5288,"href":"https:\/\/www.ports-paysdelorient.fr\/en\/wp-json\/wp\/v2\/pages\/4316\/revisions\/5288"}],"up":[{"embeddable":true,"href":"https:\/\/www.ports-paysdelorient.fr\/en\/wp-json\/wp\/v2\/pages\/4318"}],"wp:featuredmedia":[{"embeddable":true,"href":"https:\/\/www.ports-paysdelorient.fr\/en\/wp-json\/wp\/v2\/media\/3669"}],"wp:attachment":[{"href":"https:\/\/www.ports-paysdelorient.fr\/en\/wp-json\/wp\/v2\/media?parent=4316"}],"curies":[{"name":"wp","href":"https:\/\/api.w.org\/{rel}","templated":true}]}}