{"id":4287,"date":"2024-01-08T10:23:25","date_gmt":"2024-01-08T09:23:25","guid":{"rendered":"https:\/\/www.ports-paysdelorient.fr\/visite-du-pole-course-au-large\/"},"modified":"2024-06-12T15:27:29","modified_gmt":"2024-06-12T13:27:29","slug":"visit-the-offshore-racing-centre","status":"publish","type":"page","link":"https:\/\/www.ports-paysdelorient.fr\/en\/visit-the-offshore-racing-centre\/","title":{"rendered":"Visit the Offshore Racing Centre"},"content":{"rendered":"\n<p>During the summer vacations, explore the Offshore Racing Centre (P\u00f4le Course au Large) base in the company of guides from the Cit\u00e9 de la Voile \u00c9ric Tabarly. They will guide you through <strong>the 1st international centre dedicated to ocean racing, located at Lorient La Base.<\/strong> The tour includes a full presentation of the site, including a brief history of the transformation of this former military base into a major nautical center in Brittany, as well as an introduction to the companies based on the site.<\/p>\n\n\n\n<p>During the tour, the guides will share fascinating anecdotes about nautical news, ocean racing, the racing teams (Team Course) and the various boats. You&#8217;ll have the opportunity to explore the captivating world of sailing, discovering the intriguing facets of this unique environment.<\/p>\n\n\n\n<p>Whether you&#8217;re a sailing enthusiast or simply curious, a visit to the Ocean Racing Centre is an immersive opportunity to discover the world of ocean racing through the eyes of the Cit\u00e9 de la Voile \u00c9ric Tabarly guides.<\/p>\n\n\n\n<p><\/p>\n\n\n<section class=\"slider_images_container\">\n\t<span class=\"nav prev\"><\/span>\n\t<div class=\"slider_container\">\n\t\t<div class=\"slider_images lightgallery\">\n\t\t\t\t\t\t\t<div class=\"gal\" data-src=\"https:\/\/www.ports-paysdelorient.fr\/wp-content\/uploads\/2024\/01\/batiment-citedelavoile-bateaux-course-au-large-1920x1278.jpg\">\n\t\t\t\t\t<figure class=\"image_container\">\n\t\t\t\t\t\t<img decoding=\"async\" src=\"https:\/\/www.ports-paysdelorient.fr\/wp-content\/uploads\/2024\/01\/batiment-citedelavoile-bateaux-course-au-large-1920x1278.jpg\" alt=\"10\/08\/09-Groupama 3 et Banque Populaire 5 au ponton de la BSM de Lorient\">\n\t\t\t\t\t<\/figure>\t\t\t\t\t\n\t\t\t\t<\/div>\n\t\t\t\t\t\t\t<div class=\"gal\" data-src=\"https:\/\/www.ports-paysdelorient.fr\/wp-content\/uploads\/2024\/01\/base-couse-au-large-1920x1280.jpg\">\n\t\t\t\t\t<figure class=\"image_container\">\n\t\t\t\t\t\t<img decoding=\"async\" src=\"https:\/\/www.ports-paysdelorient.fr\/wp-content\/uploads\/2024\/01\/base-couse-au-large-1920x1280.jpg\" alt=\"\">\n\t\t\t\t\t<\/figure>\t\t\t\t\t\n\t\t\t\t<\/div>\n\t\t\t\t\t\t\t<div class=\"gal\" data-src=\"https:\/\/www.ports-paysdelorient.fr\/wp-content\/uploads\/2024\/01\/bateaux-course-au-large-port-lorient-la-base-1920x1280.jpg\">\n\t\t\t\t\t<figure class=\"image_container\">\n\t\t\t\t\t\t<img decoding=\"async\" src=\"https:\/\/www.ports-paysdelorient.fr\/wp-content\/uploads\/2024\/01\/bateaux-course-au-large-port-lorient-la-base-1920x1280.jpg\" alt=\"\">\n\t\t\t\t\t<\/figure>\t\t\t\t\t\n\t\t\t\t<\/div>\n\t\t\t\t\t\t\t<div class=\"gal\" data-src=\"https:\/\/www.ports-paysdelorient.fr\/wp-content\/uploads\/2024\/01\/visite-du-pole-course-au-large-1920x1278.jpg\">\n\t\t\t\t\t<figure class=\"image_container\">\n\t\t\t\t\t\t<img decoding=\"async\" src=\"https:\/\/www.ports-paysdelorient.fr\/wp-content\/uploads\/2024\/01\/visite-du-pole-course-au-large-1920x1278.jpg\" alt=\"240815-Visite du p\u00f4le course au large de Lorient\">\n\t\t\t\t\t<\/figure>\t\t\t\t\t\n\t\t\t\t<\/div>\n\t\t\t\t\t\n\t\t<\/div>\t\t\n\t<\/div>\n\t<span class=\"nav next\"><\/span>\n<\/section>\n\n\n\n<div class=\"wp-block-buttons is-layout-flex wp-block-buttons-is-layout-flex\">\n<div class=\"wp-block-button\"><a class=\"wp-block-button__link wp-element-button\" href=\"https:\/\/www.citevoile-tabarly.com\/fr\/visite-pole-course\" target=\"_blank\" rel=\"noreferrer noopener\">Find out more about visits to the Offshore Racing Centre<\/a><\/div>\n<\/div>\n\n\n\n<p><\/p>\n","protected":false},"excerpt":{"rendered":"<p>During the summer vacations, explore the Offshore Racing Centre (P\u00f4le Course au Large) base in the company of guides from the Cit\u00e9 de la Voile \u00c9ric Tabarly. They will guide you through the 1st international centre dedicated to ocean racing, located at Lorient La Base. The tour includes a full presentation of the site, including [&hellip;]<\/p>\n","protected":false},"author":6,"featured_media":2358,"parent":0,"menu_order":0,"comment_status":"closed","ping_status":"closed","template":"","meta":{"_acf_changed":false,"_seopress_robots_primary_cat":"","_seopress_titles_title":"Visit the P\u00f4le Course au Large","_seopress_titles_desc":"The Cit\u00e9 de la Voile \u00c9ric Tabarly guides will take you on a tour of the 1st international center dedicated to ocean racing, located at Lorient La Base.","_seopress_robots_index":"","footnotes":""},"class_list":["post-4287","page","type-page","status-publish","has-post-thumbnail","hentry"],"acf":[],"_links":{"self":[{"href":"https:\/\/www.ports-paysdelorient.fr\/en\/wp-json\/wp\/v2\/pages\/4287","targetHints":{"allow":["GET"]}}],"collection":[{"href":"https:\/\/www.ports-paysdelorient.fr\/en\/wp-json\/wp\/v2\/pages"}],"about":[{"href":"https:\/\/www.ports-paysdelorient.fr\/en\/wp-json\/wp\/v2\/types\/page"}],"author":[{"embeddable":true,"href":"https:\/\/www.ports-paysdelorient.fr\/en\/wp-json\/wp\/v2\/users\/6"}],"replies":[{"embeddable":true,"href":"https:\/\/www.ports-paysdelorient.fr\/en\/wp-json\/wp\/v2\/comments?post=4287"}],"version-history":[{"count":8,"href":"https:\/\/www.ports-paysdelorient.fr\/en\/wp-json\/wp\/v2\/pages\/4287\/revisions"}],"predecessor-version":[{"id":5139,"href":"https:\/\/www.ports-paysdelorient.fr\/en\/wp-json\/wp\/v2\/pages\/4287\/revisions\/5139"}],"wp:featuredmedia":[{"embeddable":true,"href":"https:\/\/www.ports-paysdelorient.fr\/en\/wp-json\/wp\/v2\/media\/2358"}],"wp:attachment":[{"href":"https:\/\/www.ports-paysdelorient.fr\/en\/wp-json\/wp\/v2\/media?parent=4287"}],"curies":[{"name":"wp","href":"https:\/\/api.w.org\/{rel}","templated":true}]}}